{"id":1455,"date":"2020-10-06T02:05:37","date_gmt":"2020-10-06T02:05:37","guid":{"rendered":"https:\/\/kokayak.cl\/product\/multi-activities-5-day-trip-lake-district\/"},"modified":"2020-10-13T22:03:59","modified_gmt":"2020-10-13T22:03:59","slug":"multi-activities-5-day-trip-lake-district","status":"publish","type":"product","link":"https:\/\/kokayak.cl\/en\/product\/multi-activities-5-day-trip-lake-district\/","title":{"rendered":"Multi-activities 5 Day Trip Lake District"},"content":{"rendered":"","protected":false},"excerpt":{"rendered":"<h2>Multiple Activities in the Lake District<\/h2>\n<h3><b>Rafting, Hiking, Birdwatching, Biking (road and mountain), Sea kayaking, Trekking, Horseback riding, Lodging\u2026<\/b><\/h3>\n<p>Our region is a paradise for those who want to enjoy the outdoor activities, installed since 1999, we know the best bike trails, the best walks and the best providers of the activities that we do not organize. With our partners we can put together a very entertaining itinerary to discover lakes region actively: Petrohu\u00e9 River, Cocham\u00f3, Reloncav\u00ed fjord, Chilo\u00e9\u2026 Drop us a line to get to know more about your family or group of friends and we will adapt to your needs.<\/p>\n<h4>Booking will be confirmed once payment has been confirmed.<\/h4>\n<p>(*)We reserve the right to cancel reservations in case of a force majeure reason.<\/p>\n","protected":false},"featured_media":1147,"comment_status":"closed","ping_status":"closed","template":"","meta":[],"product_cat":[33],"product_tag":[],"class_list":{"0":"post-1455","1":"product","2":"type-product","3":"status-publish","4":"has-post-thumbnail","6":"product_cat-activities","8":"first","9":"outofstock","10":"taxable","11":"shipping-taxable","12":"purchasable","13":"product-type-simple"},"_links":{"self":[{"href":"https:\/\/kokayak.cl\/en\/wp-json\/wp\/v2\/product\/1455"}],"collection":[{"href":"https:\/\/kokayak.cl\/en\/wp-json\/wp\/v2\/product"}],"about":[{"href":"https:\/\/kokayak.cl\/en\/wp-json\/wp\/v2\/types\/product"}],"replies":[{"embeddable":true,"href":"https:\/\/kokayak.cl\/en\/wp-json\/wp\/v2\/comments?post=1455"}],"wp:featuredmedia":[{"embeddable":true,"href":"https:\/\/kokayak.cl\/en\/wp-json\/wp\/v2\/media\/1147"}],"wp:attachment":[{"href":"https:\/\/kokayak.cl\/en\/wp-json\/wp\/v2\/media?parent=1455"}],"wp:term":[{"taxonomy":"product_cat","embeddable":true,"href":"https:\/\/kokayak.cl\/en\/wp-json\/wp\/v2\/product_cat?post=1455"},{"taxonomy":"product_tag","embeddable":true,"href":"https:\/\/kokayak.cl\/en\/wp-json\/wp\/v2\/product_tag?post=1455"}],"curies":[{"name":"wp","href":"https:\/\/api.w.org\/{rel}","templated":true}]}}